{"id":2575,"date":"2020-10-05T16:27:23","date_gmt":"2020-10-05T14:27:23","guid":{"rendered":"https:\/\/www.blonde-aquitaine.com\/?page_id=2575"},"modified":"2024-07-01T17:03:35","modified_gmt":"2024-07-01T15:03:35","slug":"histoire","status":"publish","type":"page","link":"https:\/\/www.blonde-aquitaine.com\/fr\/histoire\/","title":{"rendered":"Histoire"},"content":{"rendered":"<section class=\"wpb-content-wrapper\"><p>[vc_row full_width=&#8221;stretch_row_content_no_spaces&#8221; background_parallax=&#8221;on&#8221; uniqid=&#8221;5f733e3de3d34&#8243; background_image=&#8221;3483&#8243; css=&#8221;{&#8220;mobile_portrait&#8220;: {&#8220;margin-bottom&#8220;: &#8220;40px&#8220;,&#8220;undefined&#8220;: &#8220;Pulisci&#8220;},&#8220;mobile_landscape&#8220;: {&#8220;undefined&#8220;: &#8220;Pulisci&#8220;},&#8220;tablet_portrait&#8220;: {&#8220;undefined&#8220;: &#8220;Pulisci&#8220;},&#8220;tablet_landscape&#8220;: {&#8220;undefined&#8220;: &#8220;Pulisci&#8220;},&#8220;desktop&#8220;: {&#8220;undefined&#8220;: &#8220;Pulisci&#8220;}}&#8221;][vc_column uniqid=&#8221;5f734e5fc9cc3&#8243;]      <div class=\"heading-block heading-5f733e547dded tac h-h2  wpb_animate_when_almost_visible wpb_fadeInUp fadeInUp\">\n                  <div class=\"sub-h\">Blonde d'Aquitaine<\/div>\n                  <h2 class=\"h\">L'Histoire<\/h2>\n              <\/div>\n    [\/vc_column][\/vc_row][vc_row text_overlay=&#8221;on&#8221; uniqid=&#8221;5f735282ea81c&#8221; css=&#8221;{&#8220;mobile_portrait&#8220;: {&#8220;margin-bottom&#8220;: &#8220;40px&#8220;,&#8220;undefined&#8220;: &#8220;Pulisci&#8220;},&#8220;mobile_landscape&#8220;: {&#8220;undefined&#8220;: &#8220;Pulisci&#8220;},&#8220;tablet_portrait&#8220;: {&#8220;undefined&#8220;: &#8220;Pulisci&#8220;},&#8220;tablet_landscape&#8220;: {&#8220;undefined&#8220;: &#8220;Pulisci&#8220;},&#8220;desktop&#8220;: {&#8220;undefined&#8220;: &#8220;Pulisci&#8220;}}&#8221; text_overlay_text=&#8221;Histoire.&#8221; text_overlay_offset=&#8221;100&#8243; text_overlay_hex=&#8221;rgba(163,147,131,0.14)&#8221; background_offset_top=&#8221;-180px&#8221;][vc_column uniqid=&#8221;5f7754c438384&#8243;][vc_single_image image=&#8221;2476&#8243; img_size=&#8221;full&#8221; alignment=&#8221;center&#8221; css_animation=&#8221;fadeInRight&#8221;]      <div class=\"heading-block heading-5f7351327b97c tac h-h3\">\n                  <h3 class=\"h\">Une longue histoire de <span class=\"words\" data-array=\"qualit\u00e9,passion,soins\"><\/span><\/h3>\n              <\/div>\n    [vc_column_text uniqid=&#8221;5f7350fff73f9&#8243;]<\/p>\n<p style=\"text-align: center;\">L\u2019anc\u00eatre de la Blonde d\u2019Aquitaine est le <strong>Bos Aquitanicus<\/strong>, qui a donn\u00e9 naissance \u00e0 des bovins avec une robe de couleur froment et muqueuses claires, r\u00e9pandu dans le <strong>Sud-Ouest de la France.<\/strong><br \/>\n\u00c0 partir du 17<sup>\u00e8me<\/sup> si\u00e8cle, les premiers agronomes et voyageurs \u00e9trangers les rep\u00e8rent pour leur taille et leur<strong> force exceptionnelles<\/strong>, exprim\u00e9es dans le travail dans les champs et sur les chemins de halage.<br \/>\nVers les ann\u00e9es 1850, les premiers b\u0153ufs issus de ces populations locales se distinguent \u00e9galement pour leurs qualit\u00e9s de viande au concours de boucherie de Poissy.<\/p>\n<p>[\/vc_column_text][\/vc_column][\/vc_row][vc_row][vc_column][vc_single_image image=&#8221;2458&#8243; img_size=&#8221;full&#8221; alignment=&#8221;center&#8221; css_animation=&#8221;fadeIn&#8221;][\/vc_column][\/vc_row][vc_row uniqid=&#8221;5f775d6008098&#8243; background_offset_top=&#8221;100&#8243;][vc_column][vc_row_inner][vc_column_inner width=&#8221;1\/2&#8243;]      <div class=\"heading-block heading-5f77521eb3a35 tal h-h3\">\n                  <h3 class=\"h\">Le nom Blonde d\u2019Aquitaine est cr\u00e9\u00e9<\/h3>\n              <\/div>\n    [vc_column_text uniqid=&#8221;5f774c66b44d9&#8243;]Avec le d\u00e9veloppement de la zootechnie \u00e0 la fin du 19\u00e8me si\u00e8cle, 3 populations distinctes \u00e9mergent et se structurent en Livres G\u00e9n\u00e9alogiques de 1898 \u00e0 1920 : <strong>Garonnaise<\/strong>, <strong>Quercy<\/strong>,<strong> Blonde des Pyr\u00e9n\u00e9es<\/strong>. Entre les deux guerres l\u2019activit\u00e9 de s\u00e9lection est active, mais dans les ann\u00e9es 50, apr\u00e8s les effets d\u00e9vastateurs de la Seconde Guerre Mondiale et avec le d\u00e9veloppement de la m\u00e9canisation, le d\u00e9clin des effectifs est marqu\u00e9,<strong> alors que ces animaux \u00e9taient utilis\u00e9s avant tout pour la traction<\/strong>. Suite \u00e0 la demande des pouvoirs publics qui veulent relancer la production et structurer l\u2019am\u00e9lioration g\u00e9n\u00e9tique, <strong>Rapha\u00ebl Tr\u00e9mouille<\/strong>, v\u00e9t\u00e9rinaire et \u00e9lu local, r\u00e9ussit apr\u00e8s de longues discussions \u00e0 f\u00e9d\u00e9rer les trois rameaux. La fusion se fera en deux temps : en 1961, Garonnaise et Quercy se rapprochent. La Blonde des Pyr\u00e9n\u00e9es les rejoint en 1962.<br \/>\nD\u00e8s lors on utilisera l\u2019appellation Blonde d\u2019Aquitaine et l\u2019orientation de la s\u00e9lection se fait vers les<strong> qualit\u00e9s viande<\/strong>. En 10-15 ans, cette race r\u00e9gionale originaire du Sud-Ouest essaimera sur tout le territoire fran\u00e7ais et m\u00eame commencera \u00e0 s\u2019exporter.[\/vc_column_text][\/vc_column_inner][vc_column_inner width=&#8221;1\/2&#8243; offset=&#8221;vc_hidden-xs&#8221;]      <div class=\"side-img-block side-img-block-5f799e04d8d22 to-right  wpb_animate_when_almost_visible wpb_fadeInRight fadeInRight\">\n        <div style=\"background-image:inherit;\" data-bg-image=\"url(https:\/\/www.blonde-aquitaine.com\/wp-content\/uploads\/2020\/11\/garronaise.jpg)\" class=\"lazyload\"><\/div>\n      <\/div>\n    [\/vc_column_inner][\/vc_row_inner][vc_row_inner][vc_column_inner width=&#8221;1\/2&#8243;][vc_single_image image=&#8221;3134&#8243; img_size=&#8221;full&#8221; onclick=&#8221;link_image&#8221; el_class=&#8221;hide-desktop mb&#8221;][vc_single_image image=&#8221;2649&#8243; img_size=&#8221;full&#8221; onclick=&#8221;link_image&#8221;][\/vc_column_inner][vc_column_inner width=&#8221;1\/2&#8243;][vc_single_image image=&#8221;2472&#8243; img_size=&#8221;full&#8221; onclick=&#8221;link_image&#8221;][\/vc_column_inner][\/vc_row_inner][\/vc_column][\/vc_row][vc_row full_width=&#8221;stretch_row_content_no_spaces&#8221; background_parallax=&#8221;on&#8221; uniqid=&#8221;5f7357fd070e1&#8243; background_image=&#8221;2082&#8243; el_class=&#8221;questionario&#8221;][vc_column][vc_row_inner][vc_column_inner width=&#8221;1\/4&#8243;][\/vc_column_inner][vc_column_inner width=&#8221;1\/2&#8243;]      <div class=\"heading-block heading-5f735a1c723a9 tac h-h2\">\n                  <h2 class=\"h\">Questionnaire<\/h2>\n              <\/div>\n    [vc_column_text uniqid=&#8221;5f773c40762c8&#8243;]<\/p>\n<p style=\"text-align: center;\"><span style=\"font-size: 22px; color: #ffffff;\">Veuillez nous aider en remplissant ce court questionnaire, cela prendra cinq minutes.<\/span><br \/>\n<strong><span style=\"font-size: 22px; color: #ffffff;\">Merci!<\/span><\/strong><\/p>\n<p>[\/vc_column_text]      <div class=\"button-container button-5f73583bc6c5c center  wpb_animate_when_almost_visible wpb_fadeIn fadeIn\">\n        <a class=\"button-style1\" href=\"https:\/\/www.blonde-aquitaine.com\/fr\/questionnaire\/\" target=\"_self\">\n          <span>Allez au questionnaire<\/span>\n                  <\/a>\n      <\/div>\n    [\/vc_column_inner][vc_column_inner width=&#8221;1\/4&#8243;][\/vc_column_inner][\/vc_row_inner][\/vc_column][\/vc_row]<\/p>\n<\/section>","protected":false},"excerpt":{"rendered":"<p>[vc_row full_width=&#8221;stretch_row_content_no_spaces&#8221; background_parallax=&#8221;on&#8221; uniqid=&#8221;5f733e3de3d34&#8243; background_image=&#8221;3483&#8243; css=&#8221;{&#8220;mobile_portrait&#8220;: {&#8220;margin-bottom&#8220;: &#8220;40px&#8220;,&#8220;undefined&#8220;: &#8220;Pulisci&#8220;},&#8220;mobile_landscape&#8220;: {&#8220;undefined&#8220;: &#8220;Pulisci&#8220;},&#8220;tablet_portrait&#8220;: {&#8220;undefined&#8220;: &#8220;Pulisci&#8220;},&#8220;tablet_landscape&#8220;: {&#8220;undefined&#8220;: &#8220;Pulisci&#8220;},&#8220;desktop&#8220;: {&#8220;undefined&#8220;: &#8220;Pulisci&#8220;}}&#8221;][vc_column uniqid=&#8221;5f734e5fc9cc3&#8243;][\/vc_column][\/vc_row][vc_row text_overlay=&#8221;on&#8221; uniqid=&#8221;5f735282ea81c&#8221; css=&#8221;{&#8220;mobile_portrait&#8220;: {&#8220;margin-bottom&#8220;: &#8220;40px&#8220;,&#8220;undefined&#8220;: &#8220;Pulisci&#8220;},&#8220;mobile_landscape&#8220;: {&#8220;undefined&#8220;: &#8220;Pulisci&#8220;},&#8220;tablet_portrait&#8220;: {&#8220;undefined&#8220;: &#8220;Pulisci&#8220;},&#8220;tablet_landscape&#8220;: {&#8220;undefined&#8220;: &#8220;Pulisci&#8220;},&#8220;desktop&#8220;: {&#8220;undefined&#8220;: &#8220;Pulisci&#8220;}}&#8221; text_overlay_text=&#8221;Histoire.&#8221; text_overlay_offset=&#8221;100&#8243; text_overlay_hex=&#8221;rgba(163,147,131,0.14)&#8221; background_offset_top=&#8221;-180px&#8221;][vc_column uniqid=&#8221;5f7754c438384&#8243;][vc_single_image image=&#8221;2476&#8243; img_size=&#8221;full&#8221; alignment=&#8221;center&#8221; css_animation=&#8221;fadeInRight&#8221;][vc_column_text uniqid=&#8221;5f7350fff73f9&#8243;] L\u2019anc\u00eatre de la Blonde d\u2019Aquitaine est le Bos Aquitanicus, qui a donn\u00e9 naissance [&hellip;]<\/p>\n","protected":false},"author":8,"featured_media":0,"parent":0,"menu_order":0,"comment_status":"closed","ping_status":"closed","template":"template-landing.php","meta":{"_acf_changed":false,"_monsterinsights_skip_tracking":false,"_monsterinsights_sitenote_active":false,"_monsterinsights_sitenote_note":"","_monsterinsights_sitenote_category":0,"footnotes":""},"acf":[],"yoast_head":"<!-- This site is optimized with the Yoast SEO plugin v24.5 - https:\/\/yoast.com\/wordpress\/plugins\/seo\/ -->\n<title>Comment na\u00eet la Blonde d&#039;Aquitaine: une union de trois branches de race bovine<\/title>\n<meta name=\"description\" content=\"La viande pris\u00e9e Blonde d&#039;Aquitaine na\u00eet de l&#039;union de trois branches de race bovine fran\u00e7aise: Garonnaise, Quercy et Blonde de Pyr\u00e9n\u00e9es.\" \/>\n<meta name=\"robots\" content=\"index, follow, max-snippet:-1, max-image-preview:large, max-video-preview:-1\" \/>\n<link rel=\"canonical\" href=\"https:\/\/www.blonde-aquitaine.com\/fr\/histoire\/\" \/>\n<meta property=\"og:locale\" content=\"fr_FR\" \/>\n<meta property=\"og:type\" content=\"article\" \/>\n<meta property=\"og:title\" content=\"Comment na\u00eet la Blonde d&#039;Aquitaine: une union de trois branches de race bovine\" \/>\n<meta property=\"og:description\" content=\"La viande pris\u00e9e Blonde d&#039;Aquitaine na\u00eet de l&#039;union de trois branches de race bovine fran\u00e7aise: Garonnaise, Quercy et Blonde de Pyr\u00e9n\u00e9es.\" \/>\n<meta property=\"og:url\" content=\"https:\/\/www.blonde-aquitaine.com\/fr\/histoire\/\" \/>\n<meta property=\"og:site_name\" content=\"Blonde d&#039;Aquitaine\" \/>\n<meta property=\"article:modified_time\" content=\"2024-07-01T15:03:35+00:00\" \/>\n<meta name=\"twitter:card\" content=\"summary_large_image\" \/>\n<meta name=\"twitter:label1\" content=\"Dur\u00e9e de lecture estim\u00e9e\" \/>\n\t<meta name=\"twitter:data1\" content=\"4 minutes\" \/>\n<script type=\"application\/ld+json\" class=\"yoast-schema-graph\">{\"@context\":\"https:\/\/schema.org\",\"@graph\":[{\"@type\":\"WebPage\",\"@id\":\"https:\/\/www.blonde-aquitaine.com\/fr\/histoire\/\",\"url\":\"https:\/\/www.blonde-aquitaine.com\/fr\/histoire\/\",\"name\":\"Comment na\u00eet la Blonde d'Aquitaine: une union de trois branches de race bovine\",\"isPartOf\":{\"@id\":\"https:\/\/www.blonde-aquitaine.com\/fr\/#website\"},\"datePublished\":\"2020-10-05T14:27:23+00:00\",\"dateModified\":\"2024-07-01T15:03:35+00:00\",\"description\":\"La viande pris\u00e9e Blonde d'Aquitaine na\u00eet de l'union de trois branches de race bovine fran\u00e7aise: Garonnaise, Quercy et Blonde de Pyr\u00e9n\u00e9es.\",\"breadcrumb\":{\"@id\":\"https:\/\/www.blonde-aquitaine.com\/fr\/histoire\/#breadcrumb\"},\"inLanguage\":\"fr-FR\",\"potentialAction\":[{\"@type\":\"ReadAction\",\"target\":[\"https:\/\/www.blonde-aquitaine.com\/fr\/histoire\/\"]}]},{\"@type\":\"BreadcrumbList\",\"@id\":\"https:\/\/www.blonde-aquitaine.com\/fr\/histoire\/#breadcrumb\",\"itemListElement\":[{\"@type\":\"ListItem\",\"position\":1,\"name\":\"Home\",\"item\":\"https:\/\/www.blonde-aquitaine.com\/fr\/\"},{\"@type\":\"ListItem\",\"position\":2,\"name\":\"Histoire\"}]},{\"@type\":\"WebSite\",\"@id\":\"https:\/\/www.blonde-aquitaine.com\/fr\/#website\",\"url\":\"https:\/\/www.blonde-aquitaine.com\/fr\/\",\"name\":\"Blonde d&#039;Aquitaine\",\"description\":\"Carne europea naturalmente tenera\",\"potentialAction\":[{\"@type\":\"SearchAction\",\"target\":{\"@type\":\"EntryPoint\",\"urlTemplate\":\"https:\/\/www.blonde-aquitaine.com\/fr\/?s={search_term_string}\"},\"query-input\":{\"@type\":\"PropertyValueSpecification\",\"valueRequired\":true,\"valueName\":\"search_term_string\"}}],\"inLanguage\":\"fr-FR\"}]}<\/script>\n<!-- \/ Yoast SEO plugin. -->","yoast_head_json":{"title":"Comment na\u00eet la Blonde d'Aquitaine: une union de trois branches de race bovine","description":"La viande pris\u00e9e Blonde d'Aquitaine na\u00eet de l'union de trois branches de race bovine fran\u00e7aise: Garonnaise, Quercy et Blonde de Pyr\u00e9n\u00e9es.","robots":{"index":"index","follow":"follow","max-snippet":"max-snippet:-1","max-image-preview":"max-image-preview:large","max-video-preview":"max-video-preview:-1"},"canonical":"https:\/\/www.blonde-aquitaine.com\/fr\/histoire\/","og_locale":"fr_FR","og_type":"article","og_title":"Comment na\u00eet la Blonde d'Aquitaine: une union de trois branches de race bovine","og_description":"La viande pris\u00e9e Blonde d'Aquitaine na\u00eet de l'union de trois branches de race bovine fran\u00e7aise: Garonnaise, Quercy et Blonde de Pyr\u00e9n\u00e9es.","og_url":"https:\/\/www.blonde-aquitaine.com\/fr\/histoire\/","og_site_name":"Blonde d&#039;Aquitaine","article_modified_time":"2024-07-01T15:03:35+00:00","twitter_card":"summary_large_image","twitter_misc":{"Dur\u00e9e de lecture estim\u00e9e":"4 minutes"},"schema":{"@context":"https:\/\/schema.org","@graph":[{"@type":"WebPage","@id":"https:\/\/www.blonde-aquitaine.com\/fr\/histoire\/","url":"https:\/\/www.blonde-aquitaine.com\/fr\/histoire\/","name":"Comment na\u00eet la Blonde d'Aquitaine: une union de trois branches de race bovine","isPartOf":{"@id":"https:\/\/www.blonde-aquitaine.com\/fr\/#website"},"datePublished":"2020-10-05T14:27:23+00:00","dateModified":"2024-07-01T15:03:35+00:00","description":"La viande pris\u00e9e Blonde d'Aquitaine na\u00eet de l'union de trois branches de race bovine fran\u00e7aise: Garonnaise, Quercy et Blonde de Pyr\u00e9n\u00e9es.","breadcrumb":{"@id":"https:\/\/www.blonde-aquitaine.com\/fr\/histoire\/#breadcrumb"},"inLanguage":"fr-FR","potentialAction":[{"@type":"ReadAction","target":["https:\/\/www.blonde-aquitaine.com\/fr\/histoire\/"]}]},{"@type":"BreadcrumbList","@id":"https:\/\/www.blonde-aquitaine.com\/fr\/histoire\/#breadcrumb","itemListElement":[{"@type":"ListItem","position":1,"name":"Home","item":"https:\/\/www.blonde-aquitaine.com\/fr\/"},{"@type":"ListItem","position":2,"name":"Histoire"}]},{"@type":"WebSite","@id":"https:\/\/www.blonde-aquitaine.com\/fr\/#website","url":"https:\/\/www.blonde-aquitaine.com\/fr\/","name":"Blonde d&#039;Aquitaine","description":"Carne europea naturalmente tenera","potentialAction":[{"@type":"SearchAction","target":{"@type":"EntryPoint","urlTemplate":"https:\/\/www.blonde-aquitaine.com\/fr\/?s={search_term_string}"},"query-input":{"@type":"PropertyValueSpecification","valueRequired":true,"valueName":"search_term_string"}}],"inLanguage":"fr-FR"}]}},"_links":{"self":[{"href":"https:\/\/www.blonde-aquitaine.com\/fr\/wp-json\/wp\/v2\/pages\/2575"}],"collection":[{"href":"https:\/\/www.blonde-aquitaine.com\/fr\/wp-json\/wp\/v2\/pages"}],"about":[{"href":"https:\/\/www.blonde-aquitaine.com\/fr\/wp-json\/wp\/v2\/types\/page"}],"author":[{"embeddable":true,"href":"https:\/\/www.blonde-aquitaine.com\/fr\/wp-json\/wp\/v2\/users\/8"}],"replies":[{"embeddable":true,"href":"https:\/\/www.blonde-aquitaine.com\/fr\/wp-json\/wp\/v2\/comments?post=2575"}],"version-history":[{"count":2,"href":"https:\/\/www.blonde-aquitaine.com\/fr\/wp-json\/wp\/v2\/pages\/2575\/revisions"}],"predecessor-version":[{"id":5301,"href":"https:\/\/www.blonde-aquitaine.com\/fr\/wp-json\/wp\/v2\/pages\/2575\/revisions\/5301"}],"wp:attachment":[{"href":"https:\/\/www.blonde-aquitaine.com\/fr\/wp-json\/wp\/v2\/media?parent=2575"}],"curies":[{"name":"wp","href":"https:\/\/api.w.org\/{rel}","templated":true}]}}